{"id":1015,"date":"2020-11-02T10:44:06","date_gmt":"2020-11-02T09:44:06","guid":{"rendered":"https:\/\/stenger.legal\/?page_id=1015"},"modified":"2024-11-25T14:22:32","modified_gmt":"2024-11-25T13:22:32","slug":"imprint","status":"publish","type":"page","link":"https:\/\/stenger.legal\/en\/imprint\/","title":{"rendered":"Imprint"},"content":{"rendered":"<h1>Imprint<\/h1>\n<h2>STENGER Rechtsanw\u00e4lte PartG mbB<\/h2>\n<p>Alstertwiete 3<br \/>\n20099 Hamburg<br \/>\nTel: + 49 (0)40-3609860<br \/>\nFax: + 49 (0)40 &#8211; 36098636<br \/>\n<a href=\"mailto:contact@stenger.legal\">contact@stenger.legal<\/a><\/p>\n<p>Registered seat of Partnership is Hamburg. Partnership is registered in the partnership register at Amtsgerichts Hamburg, PR 1250.<\/p>\n<p>Partnership is represented by the managing partners Dr. Gernot Stenger and Jana-Natascha Garisch. With respect to all legal work for our clients all lawyers employed by Partnership may represent same in and out of court.<\/p>\n<h3>Offices<\/h3>\n<p><strong>Hamburg<\/strong><br \/>\nAlstertwiete 3<br \/>\n20099 Hamburg<br \/>\nGermany<\/p>\n<p>T: +49 (40) 36 09 86 0<br \/>\nF: +49 (40) 36 09 86 36<\/p>\n<p><strong>Berlin<\/strong><br \/>\nRankestra\u00dfe 17<br \/>\n10789 Berlin<br \/>\nGermany<\/p>\n<p>T: +49 (30) 319 831 600<br \/>\nF: +49 (30) 319 831 631<\/p>\n<h3>Bar association (supervisory authorities)<\/h3>\n<p>Hanseatische Rechtsanwaltskammer Hamburg<br \/>\nValentinskamp 88<br \/>\n20355 Hamburg<\/p>\n<p>Rechtsanwaltskammer Berlin<br \/>\nLittenstra\u00dfe 9<br \/>\n10179 Berlin<\/p>\n<h3>Professional standards<\/h3>\n<p>Bundesrechtsanwaltsordnung (BRAO,\u00a0Federal Regulations for Practicing Lawyers)<\/p>\n<ul>\n<li>Berufsordnung f\u00fcr Rechtsanw\u00e4lte (BORA,\u00a0Professional Code of Conduct for Practicing Lawyers)<\/li>\n<li>Fachanwaltsordnung (FAO,\u00a0Regulations for Specialist Lawyers)<\/li>\n<li>Berufsregeln der Rechtsanw\u00e4lte der Europ\u00e4ischen Gemeinschaft (CCBE Council of Bars and Law Societies of Europe, )(Code of Conduct for Lawyers in the European Community)<\/li>\n<li>Gesetz \u00fcber die Verg\u00fctung der Rechtsanw\u00e4ltinnen und Rechtsanw\u00e4lte (RVG, Act on the Remuneration of Attorneys)<\/li>\n<\/ul>\n<h3>Professional liability insurance<\/h3>\n<p>Zurich Insurance plc, subsidiary for Germany,<br \/>\nSolmsstra\u00dfe 27-37,<br \/>\n60486 Frankfurt\/Main<br \/>\nGermany.<\/p>\n<p>The territorial coverage of the insurance applies for the whole of Europe.<\/p>\n<h3>Responsibility for the content (Sec. 55 subs. 2 Broadcasting Treaty)<\/h3>\n<p>Jana-Natascha Garisch<br \/>\nAlstertwiete 3<br \/>\n20099 Hamburg<br \/>\nGermany<\/p>\n<h3>Online dispute resolution<\/h3>\n<p>The European Commission provides a platform for out of court online dispute resolution: <a href=\"http:\/\/ec.europa.eu\/consumers\/odr\/\">http:\/\/ec.europa.eu\/consumers\/odr\/<\/a><\/p>\n<h3>Consumer arbitration board<\/h3>\n<p>There is no obligation or willingness by us to participate in dispute settlement proceedings before consumer arbitration boards.<\/p>\n<h3>Picture copyrights<\/h3>\n<p>Portraits of lawyers: Inga Sommer Photographie, Gro\u00dfe Brunnenstrasse 18, 22763 Hamburg, Germany<\/p>\n<p>Other pictures: Sascha Mauson, Formvermittlung, Sternstra\u00dfe 81b, 20357 Hamburg.<\/p>\n","protected":false},"excerpt":{"rendered":"<p>Imprint STENGER Rechtsanw\u00e4lte PartG mbB Alstertwiete 3 20099 Hamburg Tel: + 49 (0)40-3609860 Fax: + 49 (0)40 &#8211; 36098636 contact@stenger.legal Registered seat of Partnership is Hamburg. Partnership is registered in the partnership register at Amtsgerichts Hamburg, PR 1250. Partnership is represented by the managing partners Dr. Gernot Stenger and Jana-Natascha Garisch. With respect to all [&hellip;]<\/p>\n","protected":false},"author":5,"featured_media":0,"parent":0,"menu_order":0,"comment_status":"closed","ping_status":"open","template":"","meta":{"_acf_changed":false,"inline_featured_image":false,"footnotes":""},"class_list":["post-1015","page","type-page","status-publish","hentry"],"acf":[],"_links":{"self":[{"href":"https:\/\/stenger.legal\/en\/wp-json\/wp\/v2\/pages\/1015","targetHints":{"allow":["GET"]}}],"collection":[{"href":"https:\/\/stenger.legal\/en\/wp-json\/wp\/v2\/pages"}],"about":[{"href":"https:\/\/stenger.legal\/en\/wp-json\/wp\/v2\/types\/page"}],"author":[{"embeddable":true,"href":"https:\/\/stenger.legal\/en\/wp-json\/wp\/v2\/users\/5"}],"replies":[{"embeddable":true,"href":"https:\/\/stenger.legal\/en\/wp-json\/wp\/v2\/comments?post=1015"}],"version-history":[{"count":7,"href":"https:\/\/stenger.legal\/en\/wp-json\/wp\/v2\/pages\/1015\/revisions"}],"predecessor-version":[{"id":2659,"href":"https:\/\/stenger.legal\/en\/wp-json\/wp\/v2\/pages\/1015\/revisions\/2659"}],"wp:attachment":[{"href":"https:\/\/stenger.legal\/en\/wp-json\/wp\/v2\/media?parent=1015"}],"curies":[{"name":"wp","href":"https:\/\/api.w.org\/{rel}","templated":true}]}}